{"id":3805,"date":"2024-04-23T15:14:09","date_gmt":"2024-04-23T15:14:09","guid":{"rendered":"https:\/\/santosconventioncenter.com.br\/es\/?page_id=3805"},"modified":"2024-04-26T18:39:25","modified_gmt":"2024-04-26T18:39:25","slug":"politicas-de-esg-csr","status":"publish","type":"page","link":"https:\/\/santosconventioncenter.com.br\/es\/politicas-de-esg-csr\/","title":{"rendered":"Pol\u00edticas de ESG\/CSR"},"content":{"rendered":"\t\t<div data-elementor-type=\"wp-page\" data-elementor-id=\"3805\" class=\"elementor elementor-3805\">\n\t\t\t\t\t\t<section class=\"elementor-section elementor-top-section elementor-element elementor-element-f83698c elementor-section-full_width elementor-section-stretched elementor-section-height-default elementor-section-height-default parallax_section_no qode_elementor_container_no\" data-id=\"f83698c\" data-element_type=\"section\" data-e-type=\"section\" data-settings=\"{&quot;stretch_section&quot;:&quot;section-stretched&quot;,&quot;background_background&quot;:&quot;classic&quot;}\">\n\t\t\t\t\t\t<div class=\"elementor-container elementor-column-gap-default\">\n\t\t\t\t\t<div class=\"elementor-column elementor-col-100 elementor-top-column elementor-element elementor-element-7066483\" data-id=\"7066483\" data-element_type=\"column\" data-e-type=\"column\" data-settings=\"{&quot;background_background&quot;:&quot;classic&quot;}\">\n\t\t\t<div class=\"elementor-widget-wrap elementor-element-populated\">\n\t\t\t\t\t\t<div class=\"elementor-element elementor-element-f8619ce elementor-widget elementor-widget-image\" data-id=\"f8619ce\" data-element_type=\"widget\" data-e-type=\"widget\" data-widget_type=\"image.default\">\n\t\t\t\t<div class=\"elementor-widget-container\">\n\t\t\t\t\t\t\t\t\t\t\t\t\t\t\t<img fetchpriority=\"high\" decoding=\"async\" width=\"1920\" height=\"600\" src=\"https:\/\/santosconventioncenter.com.br\/es\/wp-content\/uploads\/2024\/04\/esg_gelevents.jpg\" class=\"attachment-full size-full wp-image-3807\" alt=\"\" srcset=\"https:\/\/santosconventioncenter.com.br\/es\/wp-content\/uploads\/2024\/04\/esg_gelevents.jpg 1920w, https:\/\/santosconventioncenter.com.br\/es\/wp-content\/uploads\/2024\/04\/esg_gelevents-300x94.jpg 300w, https:\/\/santosconventioncenter.com.br\/es\/wp-content\/uploads\/2024\/04\/esg_gelevents-1024x320.jpg 1024w, https:\/\/santosconventioncenter.com.br\/es\/wp-content\/uploads\/2024\/04\/esg_gelevents-768x240.jpg 768w, https:\/\/santosconventioncenter.com.br\/es\/wp-content\/uploads\/2024\/04\/esg_gelevents-1536x480.jpg 1536w, https:\/\/santosconventioncenter.com.br\/es\/wp-content\/uploads\/2024\/04\/esg_gelevents-700x219.jpg 700w\" sizes=\"(max-width: 1920px) 100vw, 1920px\" \/>\t\t\t\t\t\t\t\t\t\t\t\t\t\t\t<\/div>\n\t\t\t\t<\/div>\n\t\t\t\t\t<\/div>\n\t\t<\/div>\n\t\t\t\t\t<\/div>\n\t\t<\/section>\n\t\t\t\t<section class=\"elementor-section elementor-top-section elementor-element elementor-element-5c70153 elementor-section-full_width elementor-section-stretched elementor-section-height-default elementor-section-height-default parallax_section_no qode_elementor_container_no\" data-id=\"5c70153\" data-element_type=\"section\" data-e-type=\"section\" data-settings=\"{&quot;stretch_section&quot;:&quot;section-stretched&quot;,&quot;background_background&quot;:&quot;classic&quot;}\">\n\t\t\t\t\t\t<div class=\"elementor-container elementor-column-gap-default\">\n\t\t\t\t\t<div class=\"elementor-column elementor-col-100 elementor-top-column elementor-element elementor-element-ee7acb1\" data-id=\"ee7acb1\" data-element_type=\"column\" data-e-type=\"column\">\n\t\t\t<div class=\"elementor-widget-wrap elementor-element-populated\">\n\t\t\t\t\t\t<section class=\"elementor-section elementor-inner-section elementor-element elementor-element-23331f2 elementor-section-boxed elementor-section-height-default elementor-section-height-default parallax_section_no qode_elementor_container_no\" data-id=\"23331f2\" data-element_type=\"section\" data-e-type=\"section\">\n\t\t\t\t\t\t<div class=\"elementor-container elementor-column-gap-default\">\n\t\t\t\t\t<div class=\"elementor-column elementor-col-100 elementor-inner-column elementor-element elementor-element-95ecdcb\" data-id=\"95ecdcb\" data-element_type=\"column\" data-e-type=\"column\">\n\t\t\t<div class=\"elementor-widget-wrap elementor-element-populated\">\n\t\t\t\t\t\t<div class=\"elementor-element elementor-element-2ba2033 elementor-widget elementor-widget-heading\" data-id=\"2ba2033\" data-element_type=\"widget\" data-e-type=\"widget\" data-widget_type=\"heading.default\">\n\t\t\t\t<div class=\"elementor-widget-container\">\n\t\t\t\t\t<h2 class=\"elementor-heading-title elementor-size-default\">POL\u00cdTICAS DE ESG\/CSR<\/h2>\t\t\t\t<\/div>\n\t\t\t\t<\/div>\n\t\t\t\t<div class=\"elementor-element elementor-element-ff44dc8 elementor-widget elementor-widget-text-editor\" data-id=\"ff44dc8\" data-element_type=\"widget\" data-e-type=\"widget\" data-widget_type=\"text-editor.default\">\n\t\t\t\t<div class=\"elementor-widget-container\">\n\t\t\t\t\t\t\t\t\t<p>GL events lanz\u00f3 un plan de tres a\u00f1os para medir y reducir su huella de carbono en todo el Grupo. Este plan abarca la implementaci\u00f3n de cerca de 100 hect\u00e1reas de paneles fotovoltaicos en las unidades del Grupo. Esta estrategia tambi\u00e9n incluye la reducci\u00f3n de la emisi\u00f3n de residuos como parte de una econom\u00eda circular lo m\u00e1s virtuosa posible: incentivando la rotaci\u00f3n de activos y la reutilizaci\u00f3n de estructuras y materiales. Se defini\u00f3 el objetivo de reducir los consumibles en el 25%, incluyendo embalajes, alfombrados, residuos de alimentos, todo esto combinado con iniciativas de reciclaje con aliados en todos los diferentes sectores de negocios. Obviamente las personas siguen siendo el centro de todas las actividades y acciones, en diferentes territorios juntamente con nuestros aliados, realizando compras responsables, contribuyendo con la econom\u00eda social y solidaria y con los programas de integraci\u00f3n, con todos nuestros colaboradores y principales gestores.<\/p>\t\t\t\t\t\t\t\t<\/div>\n\t\t\t\t<\/div>\n\t\t\t\t<div class=\"elementor-element elementor-element-89c194b elementor-widget elementor-widget-heading\" data-id=\"89c194b\" data-element_type=\"widget\" data-e-type=\"widget\" data-widget_type=\"heading.default\">\n\t\t\t\t<div class=\"elementor-widget-container\">\n\t\t\t\t\t<h3 class=\"elementor-heading-title elementor-size-default\">MEDIO AMBIENTE<\/h3>\t\t\t\t<\/div>\n\t\t\t\t<\/div>\n\t\t\t\t<div class=\"elementor-element elementor-element-361daa8 elementor-widget elementor-widget-text-editor\" data-id=\"361daa8\" data-element_type=\"widget\" data-e-type=\"widget\" data-widget_type=\"text-editor.default\">\n\t\t\t\t<div class=\"elementor-widget-container\">\n\t\t\t\t\t\t\t\t\t<p><b>PRINCIPALES EVENTOS 2023 &#8211; NIVEL GLOBAL<\/b><\/p>\n<p>&#8211; Implementaci\u00f3n de los objetivos del Grupo proponiendo una reducci\u00f3n del 25% en el consumo de energ\u00eda, una reducci\u00f3n del 25% en los consumibles y la inclusi\u00f3n de 100 Hect\u00e1reas de paneles fotovoltaicos;<\/p>\n<p>&#8211; Un ambicioso plan de eficiencia energ\u00e9tica apoyado por inversiones locales (l\u00e1mparas de LED, etc.);<\/p>\n<p>&#8211; Una auditoria de carbono realizada por la empresa Ecoact revel\u00f3 una ca\u00edda del 22% en las emisiones en comparaci\u00f3n con el informe de auditor\u00eda publicado en 2019;<\/p>\n<p>&#8211; Auditorias de desempe\u00f1o energ\u00e9tico, seguridad y\/o gesti\u00f3n de residuos;<\/p>\n<p>&#8211; Implementaci\u00f3n del &#8220;Compromiso de Carbono Neutro para la Industria de Eventos&#8221;, firmado a fines de 2021;<\/p>\n<p>&#8211; 54% de electricidad renovable (47% para Exhibitions, 67% para Live, 51 % para las Venues).&nbsp;<\/p>\t\t\t\t\t\t\t\t<\/div>\n\t\t\t\t<\/div>\n\t\t\t\t<div class=\"elementor-element elementor-element-a961da2 elementor-widget elementor-widget-heading\" data-id=\"a961da2\" data-element_type=\"widget\" data-e-type=\"widget\" data-widget_type=\"heading.default\">\n\t\t\t\t<div class=\"elementor-widget-container\">\n\t\t\t\t\t<h3 class=\"elementor-heading-title elementor-size-default\">SOCIAL<\/h3>\t\t\t\t<\/div>\n\t\t\t\t<\/div>\n\t\t\t\t<div class=\"elementor-element elementor-element-b600285 elementor-widget elementor-widget-text-editor\" data-id=\"b600285\" data-element_type=\"widget\" data-e-type=\"widget\" data-widget_type=\"text-editor.default\">\n\t\t\t\t<div class=\"elementor-widget-container\">\n\t\t\t\t\t\t\t\t\t<p><b>PRINCIPALES EVENTOS 2023 &#8211; NIVEL GLOBAL<\/b><\/p><p><span style=\"font-weight: var( --e-global-typography-text-font-weight );\">&#8211; Creaci\u00f3n significativa de empleos locales;<\/span><\/p><p>&#8211; Aumento del 50% de entrenamientos en relaci\u00f3n a 2020;<\/p><p>&#8211; Inclusi\u00f3n de los criterios ESG en los objetivos de las altas y medianas gestiones, adaptados a las l\u00edneas de negocios;<\/p><p>&#8211; Integraci\u00f3n exitosa de la promoci\u00f3n Eureka, un programa de entrenamientos para la formaci\u00f3n de equipos;<\/p><p>&#8211; Fortalecimiento de los v\u00ednculos con agentes de Econom\u00eda Social y Solidaria y organizaciones ecol\u00f3gicas;<\/p><p>&#8211; Entrenamientos de \u00e9tica para colaboradores y cargos de gesti\u00f3n (Leyes anticorrupci\u00f3n y prevenci\u00f3n de acoso);<\/p><p>&#8211; Filantrop\u00eda: intensificaci\u00f3n de las iniciativas de solidaridad con la fundaci\u00f3n Polygone y el lanzamiento de la Fundaci\u00f3n para la Cocina Sostenible, de Olivier Ginon.<\/p>\t\t\t\t\t\t\t\t<\/div>\n\t\t\t\t<\/div>\n\t\t\t\t<div class=\"elementor-element elementor-element-7b27ecc elementor-widget elementor-widget-heading\" data-id=\"7b27ecc\" data-element_type=\"widget\" data-e-type=\"widget\" data-widget_type=\"heading.default\">\n\t\t\t\t<div class=\"elementor-widget-container\">\n\t\t\t\t\t<h3 class=\"elementor-heading-title elementor-size-default\">GOBERNANZA<\/h3>\t\t\t\t<\/div>\n\t\t\t\t<\/div>\n\t\t\t\t<div class=\"elementor-element elementor-element-c7c4dc1 elementor-widget elementor-widget-text-editor\" data-id=\"c7c4dc1\" data-element_type=\"widget\" data-e-type=\"widget\" data-widget_type=\"text-editor.default\">\n\t\t\t\t<div class=\"elementor-widget-container\">\n\t\t\t\t\t\t\t\t\t<p><b>PRINCIPALES EVENTOS 2023 &#8211; NIVEL GLOBAL<\/b><\/p><p><span style=\"font-weight: var( --e-global-typography-text-font-weight );\">&#8211; Nombramiento de una directora de Riesgo y CSR del Grupo para el Comit\u00e9 Ejecutivo;<\/span><\/p><p>&#8211; Creaci\u00f3n del mapa de riesgo de CSR del Grupo;<\/p><p>&#8211; Implementaci\u00f3n de una fuerte red de coordinadores y embajadores de CSR en las diferentes unidades;<\/p><p>&#8211; Primera emisi\u00f3n de bono vinculado a sostenibilidad;<\/p><p>&#8211; Creaci\u00f3n de un comit\u00e9 anual de las partes involucradas.<\/p>\t\t\t\t\t\t\t\t<\/div>\n\t\t\t\t<\/div>\n\t\t\t\t<div class=\"elementor-element elementor-element-06c07d7 elementor-widget elementor-widget-heading\" data-id=\"06c07d7\" data-element_type=\"widget\" data-e-type=\"widget\" data-widget_type=\"heading.default\">\n\t\t\t\t<div class=\"elementor-widget-container\">\n\t\t\t\t\t<h3 class=\"elementor-heading-title elementor-size-default\">DESTAQUES<\/h3>\t\t\t\t<\/div>\n\t\t\t\t<\/div>\n\t\t\t\t<div class=\"elementor-element elementor-element-589e5b3 elementor-widget elementor-widget-text-editor\" data-id=\"589e5b3\" data-element_type=\"widget\" data-e-type=\"widget\" data-widget_type=\"text-editor.default\">\n\t\t\t\t<div class=\"elementor-widget-container\">\n\t\t\t\t\t\t\t\t\t<p><b>2021: <br \/><\/b><\/p><p>&#8211; 161\/371 en la clasificaci\u00f3n nacional de GAIA;<\/p><p>&#8211; GL events Brasil fue certificada por Great Place to Work por 3er a\u00f1o consecutivo;<\/p>\t\t\t\t\t\t\t\t<\/div>\n\t\t\t\t<\/div>\n\t\t\t\t<div class=\"elementor-element elementor-element-0455d4b elementor-widget elementor-widget-text-editor\" data-id=\"0455d4b\" data-element_type=\"widget\" data-e-type=\"widget\" data-widget_type=\"text-editor.default\">\n\t\t\t\t<div class=\"elementor-widget-container\">\n\t\t\t\t\t\t\t\t\t<p><b>2022: <br \/><\/b><\/p><p>&#8211; 38 subsidiarias del Grupo recibieron la certificaci\u00f3n ISO 20121, incluyendo casi todos los lugares de eventos en Francia y algunas de sus subsidiarias, confirmando que realizan una buena gesti\u00f3n de su impacto social, econ\u00f3mico y ambiental;<\/p><p>&#8211; 4 subsidiarias recibieron la certificaci\u00f3n ISO 14001, la norma de gesti\u00f3n ambiental;<\/p><p>&#8211; 5 subsidiarias recibieron con la certificaci\u00f3n ISO 9001, la norma de gesti\u00f3n de calidad;<\/p><p>&#8211; 1 subsidiaria fue certificada con ISO 45001, un sistema de gesti\u00f3n de salud y seguridad ocupacional;<\/p><p>&#8211; Las instalaciones y actividades del Grupo son certificadas en Francia y en el exterior (excepto China) con el sello &#8220;Safe &amp; Clean&#8221;, una garant\u00eda de eficiencia y seguridad relacionadas a las instalaciones sanitarias;<\/p><p>&#8211; GL events Brasil fue certificada por Great Place to Work por 4\u00ba a\u00f1o consecutivo;<\/p><p>&#8211; GL events Chile recibi\u00f3 el Trofeo de desarrollo sostenible de 2022.<\/p><p>\u2013 Varios Venues GL events Brasil recibieron el sello internacional I-REC<\/p>\t\t\t\t\t\t\t\t<\/div>\n\t\t\t\t<\/div>\n\t\t\t\t<div class=\"elementor-element elementor-element-1709649 elementor-widget elementor-widget-text-editor\" data-id=\"1709649\" data-element_type=\"widget\" data-e-type=\"widget\" data-widget_type=\"text-editor.default\">\n\t\t\t\t<div class=\"elementor-widget-container\">\n\t\t\t\t\t\t\t\t\t<p><b>2023: <br \/><\/b><\/p><p>&#8211; Audrey Chavancy, Directora de riesgo y CSR del Grupo GL events, venci\u00f3 el Premio HUB35 de Sostenibilidad;<\/p><p>&#8211; GL events qued\u00f3 en primer lugar en la categor\u00eda &#8220;servicios profesionales&#8221; en la clasificaci\u00f3n de &#8220;Les Echos \/ Statista 2023 Innovation Leaders&#8221;, obteniendo una puntuaci\u00f3n excelente en t\u00e9rminos de procesos de CSR;<\/p><p>&#8211; &#8220;Printemps des Sports Equestres&#8221;, recibi\u00f3 el sello &#8220;EquuRES EVENT&#8221; como reconocimiento a su compromiso con el medio ambiente y bienestar de los caballos;<\/p><p>&#8211; GL events Brasil fue certificada por Great Place to Work por 5\u00ba a\u00f1o consecutivo;<\/p><p>&#8211; Diversas Venues de GL events Brasil recibieron el sello internacional I-REC;<\/p><p>&#8211; GL events Exhibitions Brasil neutraliz\u00f3 el 100% de las emisiones directas de gases efecto invernadero del evento &#8220;Bienal del Libro 2023&#8221;.<\/p>\t\t\t\t\t\t\t\t<\/div>\n\t\t\t\t<\/div>\n\t\t\t\t<div class=\"elementor-element elementor-element-c0a5afa elementor-widget elementor-widget-text-editor\" data-id=\"c0a5afa\" data-element_type=\"widget\" data-e-type=\"widget\" data-widget_type=\"text-editor.default\">\n\t\t\t\t<div class=\"elementor-widget-container\">\n\t\t\t\t\t\t\t\t\t<p><b>2024: <br><\/b><\/p>\n<p>&#8211; GL events Brasil fue certificada por Great Place to Work por 6\u00ba a\u00f1o consecutivo;<\/p>\n<p>&#8211; Diversas Venues de GL events Brasil recibieron el sello internacional I-REC;<\/p>\n<p>&#8211; Se cre\u00f3 un Comit\u00e9 Interno de ESG por miembros de GL events Brasil;<\/p>\n<p>&#8211; Colaboraci\u00f3n con la obra social Rio Incluye en las operaciones de los eventos de Farmasi Arena, con la intenci\u00f3n de ofrecer asistencia a personas con discapacidades, en situaci\u00f3n de vulnerabilidad en la ciudad de Rio de Janeiro.<\/p>\t\t\t\t\t\t\t\t<\/div>\n\t\t\t\t<\/div>\n\t\t\t\t<div class=\"elementor-element elementor-element-2ace33f elementor-widget elementor-widget-image\" data-id=\"2ace33f\" data-element_type=\"widget\" data-e-type=\"widget\" data-widget_type=\"image.default\">\n\t\t\t\t<div class=\"elementor-widget-container\">\n\t\t\t\t\t\t\t\t\t\t\t\t\t\t\t<img decoding=\"async\" width=\"300\" height=\"300\" src=\"https:\/\/santosconventioncenter.com.br\/es\/wp-content\/uploads\/2024\/04\/Think_Green.png\" class=\"attachment-full size-full wp-image-3808\" alt=\"\" srcset=\"https:\/\/santosconventioncenter.com.br\/es\/wp-content\/uploads\/2024\/04\/Think_Green.png 300w, https:\/\/santosconventioncenter.com.br\/es\/wp-content\/uploads\/2024\/04\/Think_Green-150x150.png 150w\" sizes=\"(max-width: 300px) 100vw, 300px\" \/>\t\t\t\t\t\t\t\t\t\t\t\t\t\t\t<\/div>\n\t\t\t\t<\/div>\n\t\t\t\t\t<\/div>\n\t\t<\/div>\n\t\t\t\t\t<\/div>\n\t\t<\/section>\n\t\t\t\t<div class=\"elementor-element elementor-element-ab63f28 elementor-widget elementor-widget-spacer\" data-id=\"ab63f28\" data-element_type=\"widget\" data-e-type=\"widget\" data-widget_type=\"spacer.default\">\n\t\t\t\t<div class=\"elementor-widget-container\">\n\t\t\t\t\t\t\t<div class=\"elementor-spacer\">\n\t\t\t<div class=\"elementor-spacer-inner\"><\/div>\n\t\t<\/div>\n\t\t\t\t\t\t<\/div>\n\t\t\t\t<\/div>\n\t\t\t\t\t<\/div>\n\t\t<\/div>\n\t\t\t\t\t<\/div>\n\t\t<\/section>\n\t\t\t\t<\/div>\n\t\t","protected":false},"excerpt":{"rendered":"<p>POL\u00cdTICAS DE ESG\/CSR GL events lanz\u00f3 un plan de tres a\u00f1os para medir y reducir su huella de carbono en todo el Grupo. Este plan abarca la implementaci\u00f3n de cerca de 100 hect\u00e1reas de paneles fotovoltaicos en las unidades del Grupo. Esta estrategia tambi\u00e9n incluye&#8230;<\/p>\n","protected":false},"author":1,"featured_media":0,"parent":0,"menu_order":0,"comment_status":"closed","ping_status":"closed","template":"full_width.php","meta":{"footnotes":""},"class_list":["post-3805","page","type-page","status-publish","hentry"],"_links":{"self":[{"href":"https:\/\/santosconventioncenter.com.br\/es\/wp-json\/wp\/v2\/pages\/3805","targetHints":{"allow":["GET"]}}],"collection":[{"href":"https:\/\/santosconventioncenter.com.br\/es\/wp-json\/wp\/v2\/pages"}],"about":[{"href":"https:\/\/santosconventioncenter.com.br\/es\/wp-json\/wp\/v2\/types\/page"}],"author":[{"embeddable":true,"href":"https:\/\/santosconventioncenter.com.br\/es\/wp-json\/wp\/v2\/users\/1"}],"replies":[{"embeddable":true,"href":"https:\/\/santosconventioncenter.com.br\/es\/wp-json\/wp\/v2\/comments?post=3805"}],"version-history":[{"count":13,"href":"https:\/\/santosconventioncenter.com.br\/es\/wp-json\/wp\/v2\/pages\/3805\/revisions"}],"predecessor-version":[{"id":3822,"href":"https:\/\/santosconventioncenter.com.br\/es\/wp-json\/wp\/v2\/pages\/3805\/revisions\/3822"}],"wp:attachment":[{"href":"https:\/\/santosconventioncenter.com.br\/es\/wp-json\/wp\/v2\/media?parent=3805"}],"curies":[{"name":"wp","href":"https:\/\/api.w.org\/{rel}","templated":true}]}}